{"id":405,"date":"2017-11-21T15:37:45","date_gmt":"2017-11-21T15:37:45","guid":{"rendered":"https:\/\/archivoprensa.cinep.org.co\/nocheyniebla\/?page_id=405"},"modified":"2020-10-19T22:24:37","modified_gmt":"2020-10-19T22:24:37","slug":"cuadernos-de-trabajo","status":"publish","type":"page","link":"https:\/\/www.nocheyniebla.org\/?page_id=405","title":{"rendered":"Cuadernos de trabajo"},"content":{"rendered":"<p>La serie de Cuadernos de Trabajo surgi\u00f3 en 2016 como una estrategia para fortalecer el proceso de transferencia de conocimiento y di\u00e1logo de saberes entre la Red de Bancos de Datos de Derechos Humanos y Violencia Pol\u00edtica en Colombia.<\/p>\n<p><strong data-rich-text-format-boundary=\"true\">Cuaderno de trabajo N\u00ba 5<\/strong><a href=\"https:\/\/www.nocheyniebla.org\/wp-content\/uploads\/2020\/10\/Cuaderno_05.pdf\"><img loading=\"lazy\" decoding=\"async\" class=\"alignleft wp-image-1662 \" src=\"https:\/\/www.nocheyniebla.org\/wp-content\/uploads\/2020\/10\/Caratula-230x300.jpg\" alt=\"\" width=\"112\" height=\"146\" srcset=\"https:\/\/www.nocheyniebla.org\/wp-content\/uploads\/2020\/10\/Caratula-230x300.jpg 230w, https:\/\/www.nocheyniebla.org\/wp-content\/uploads\/2020\/10\/Caratula-787x1024.jpg 787w, https:\/\/www.nocheyniebla.org\/wp-content\/uploads\/2020\/10\/Caratula-768x1000.jpg 768w, https:\/\/www.nocheyniebla.org\/wp-content\/uploads\/2020\/10\/Caratula.jpg 849w\" sizes=\"auto, (max-width: 112px) 100vw, 112px\" \/><\/a><\/p>\n<p><!-- \/wp:post-content -->Los corredores de la muerte. An\u00e1lisis de las violaciones a los Derechos Humanos en Colombia (2020)<\/p>\n<p>Regi\u00f3n\/tema:<strong> El ensayo Los Corredores de la muerte es un estudio de los datos sobre violaciones de los Derechos Humanos y del Derecho Internacional Humanitario publicadas por el CINEP\/PPP en su revista Noche y Niebla. Consta tres partes. La primera parte llamada El Panorama Nacional visi\u00f3n comparativa de los cr\u00edmenes de a\u00f1os 2001 y 2018. La segunda parte titulada Violencia Diferencial es un desglose por municipios de las violaciones de DDHH y DIH sugiere la idea de los corredores de la muerte como instrumento de an\u00e1lisis de dicha criminalidad. La tercera parte conclusiva, titulada Pol\u00edtica y Crimen ofrece un an\u00e1lisis gr\u00e1fico de los dos corredores m\u00e1s mort\u00edferos del pa\u00eds y la relaci\u00f3n de la rutina pol\u00edtica con esos abusos y atentados contra la dignidad de los ciudadanos de Colombia. <\/strong><\/p>\n<p>Continuar leyendo (<a href=\"https:\/\/www.nocheyniebla.org\/wp-content\/uploads\/2020\/10\/Cuaderno_05.pdf\">PDF<\/a>)<\/p>\n<hr \/>\n<p><a href=\"wp-content\/uploads\/u1\/cuadernos\/Cuaderno_04.pdf\"><img loading=\"lazy\" decoding=\"async\" class=\"size-full wp-image-443 alignleft\" src=\"wp-content\/uploads\/u1\/cuadernos\/Cuaderno4.png\" alt=\"\" width=\"98\" height=\"127\" \/><\/a> <strong>Cuaderno de trabajo N\u00ba 4<\/strong><br \/>Memoria y resistencia en Colombia (2016)<br \/>Regi\u00f3n\/tema: <strong>Seis experiencias regionales de memoria: Ariari (Meta), Trujillo (Valle), P\u00e1ramo de La Sarna (Boyac\u00e1), Casa de la Memoria (Tumaco), La memoria nuestro territorio (Manizales), Comunidad de Paz de San Jos\u00e9 de Apartad\u00f3 (Antioquia) <\/strong><br \/>Continuar leyendo [<a href=\"wp-content\/uploads\/u1\/cuadernos\/Cuaderno_04.pdf\">PDF<\/a>]<\/p>\n<p>\u00a0<\/p>\n<hr \/>\n<p><a href=\"wp-content\/uploads\/u1\/cuadernos\/Cuaderno_03.pdf\"><img loading=\"lazy\" decoding=\"async\" class=\"size-full wp-image-443 alignleft\" src=\"wp-content\/uploads\/u1\/cuadernos\/Cuaderno3.png\" alt=\"\" width=\"98\" height=\"127\" \/><\/a> <strong>Cuaderno de trabajo N\u00ba 3<\/strong><\/p>\n<p style=\"text-align: left;\">Del \u00e9xodo, el encuentro y la dispersi\u00f3n (2016)<br \/>Regi\u00f3n\/tema: <strong>Memorias del movimiento de v\u00edctimas en el departamento del Atl\u00e1ntico (Colombia)<\/strong><br \/>Continuar leyendo [<a href=\"wp-content\/uploads\/u1\/cuadernos\/Cuaderno_03.pdf\">PDF<\/a>]<\/p>\n<p>\u00a0<\/p>\n<hr \/>\n<p><a href=\"wp-content\/uploads\/u1\/cuadernos\/Cuaderno_02.pdf\"><img loading=\"lazy\" decoding=\"async\" class=\"size-full wp-image-443 alignleft\" src=\"wp-content\/uploads\/u1\/cuadernos\/Cuaderno2.png\" alt=\"\" width=\"98\" height=\"127\" \/><\/a> <strong>Cuaderno de trabajo N\u00ba 2<\/strong><\/p>\n<p style=\"text-align: left;\">Talleres de Marco Conceptual<br \/>Regi\u00f3n\/tema: <strong>Banco de Datos de Derechos Humanos y Violencia Pol\u00edtica Cinep\/PPP<\/strong><br \/>Continuar leyendo [<a href=\"wp-content\/uploads\/u1\/cuadernos\/Cuaderno_02.pdf\">PDF<\/a>]<\/p>\n<p>\u00a0<\/p>\n<p>\u00a0<\/p>\n<hr \/>\n<p style=\"text-align: left;\"><a href=\"wp-content\/uploads\/u1\/cuadernos\/Cuaderno_01.pdf\"><img loading=\"lazy\" decoding=\"async\" class=\"size-full wp-image-443 alignleft\" src=\"wp-content\/uploads\/u1\/cuadernos\/Cuaderno1.png\" alt=\"\" width=\"98\" height=\"127\" \/><\/a><strong>Cuaderno de trabajo N\u00ba 1<\/strong><\/p>\n<p style=\"text-align: left;\">Mujeres v\u00edctimas<br \/>Regi\u00f3n\/tema: <strong> y aproximaci\u00f3n vivencias al enfoque de g\u00e9nero<\/strong><br \/>Continuar leyendo [<a href=\"wp-content\/uploads\/u1\/cuadernos\/Cuaderno_01.pdf\">PDF<\/a>]<\/p>\n<hr \/>\n<p><!-- wp:paragraph --><\/p>\n<p><!-- \/wp:paragraph --><\/p>\n\n<!-- wp:paragraph -->\n<p><\/p>\n<!-- \/wp:paragraph -->","protected":false},"excerpt":{"rendered":"<p>La serie de Cuadernos de Trabajo surgi\u00f3 en 2016 como una estrategia para fortalecer el proceso de transferencia de conocimiento y di\u00e1logo de saberes entre la Red de Bancos de Datos de Derechos Humanos y Violencia Pol\u00edtica en Colombia. Cuaderno de trabajo N\u00ba 5 Los corredores de la muerte. An\u00e1lisis de las violaciones a los [&hellip;]<\/p>\n","protected":false},"author":2,"featured_media":0,"parent":0,"menu_order":0,"comment_status":"closed","ping_status":"closed","template":"","meta":{"_exactmetrics_skip_tracking":false,"_exactmetrics_sitenote_active":false,"_exactmetrics_sitenote_note":"","_exactmetrics_sitenote_category":0,"footnotes":""},"class_list":["post-405","page","type-page","status-publish","hentry"],"_links":{"self":[{"href":"https:\/\/www.nocheyniebla.org\/index.php?rest_route=\/wp\/v2\/pages\/405","targetHints":{"allow":["GET"]}}],"collection":[{"href":"https:\/\/www.nocheyniebla.org\/index.php?rest_route=\/wp\/v2\/pages"}],"about":[{"href":"https:\/\/www.nocheyniebla.org\/index.php?rest_route=\/wp\/v2\/types\/page"}],"author":[{"embeddable":true,"href":"https:\/\/www.nocheyniebla.org\/index.php?rest_route=\/wp\/v2\/users\/2"}],"replies":[{"embeddable":true,"href":"https:\/\/www.nocheyniebla.org\/index.php?rest_route=%2Fwp%2Fv2%2Fcomments&post=405"}],"version-history":[{"count":20,"href":"https:\/\/www.nocheyniebla.org\/index.php?rest_route=\/wp\/v2\/pages\/405\/revisions"}],"predecessor-version":[{"id":1682,"href":"https:\/\/www.nocheyniebla.org\/index.php?rest_route=\/wp\/v2\/pages\/405\/revisions\/1682"}],"wp:attachment":[{"href":"https:\/\/www.nocheyniebla.org\/index.php?rest_route=%2Fwp%2Fv2%2Fmedia&parent=405"}],"curies":[{"name":"wp","href":"https:\/\/api.w.org\/{rel}","templated":true}]}}